{"id":2720,"date":"2023-11-09T19:25:59","date_gmt":"2023-11-09T19:25:59","guid":{"rendered":"https:\/\/guneypen.com\/?page_id=2720"},"modified":"2024-01-02T09:37:14","modified_gmt":"2024-01-02T09:37:14","slug":"uretim","status":"publish","type":"page","link":"https:\/\/guneypen.com\/en\/uretim\/","title":{"rendered":"\u00dcretim"},"content":{"rendered":"<h4>\n\t\t\u00dcretim\n\t<\/h4>\n<h3>\n\t\tKendi enerjimizi \u00fcreterek \u00fcretim yap\u0131yoruz&#8230;\n\t<\/h3>\n\t<p>Kilis&#8217;te kurulmu\u015f olan Fabrika 3.000 m2 kapal\u0131, 7.000 m2 a\u00e7\u0131k alanda uzman ve deneyimli ekibi ile geli\u015fmi\u015f son teknoloji makinelerle uluslararas\u0131 standartlarda pvc pencere ve kap\u0131 sistemleri seri \u00fcretimi yapmaktad\u0131r. Fabrikada pvc pencere ve kap\u0131 sistemleri \u00fcretimi yan\u0131 s\u0131ra cam \u00e7\u0131talar\u0131 ve yard\u0131mc\u0131 profiller de \u00fcretilmektedir. Ayr\u0131ca &#8220;Green Energy&#8221; projesi kapsam\u0131nda GES tesisimizde kendi enerjimizi \u00fcreterek biz de enerji tasarrufuna katk\u0131da bulunuyoruz.<\/p>\n\t\t\t\t<img loading=\"lazy\" decoding=\"async\" src=\"https:\/\/guneypen.com\/wp-content\/uploads\/2024\/01\/uretim_1.jpg\" alt=\"uretim_1\" itemprop=\"image\" height=\"733\" width=\"1099\" title=\"uretim_1\" onerror=\"this.style.display='none'\"  \/>\n<h4>\n\t\tHAMMADDE STOK ALANI\n\t<\/h4>\n\t\t\t\t<img loading=\"lazy\" decoding=\"async\" src=\"https:\/\/guneypen.com\/wp-content\/uploads\/2024\/01\/uretim_3.jpg\" alt=\"uretim_3\" itemprop=\"image\" height=\"733\" width=\"1099\" title=\"uretim_3\" onerror=\"this.style.display='none'\"  \/>\n<h4>\n\t\tPROF\u0130L \u00dcRET\u0130M B\u00d6L\u00dcM\u00dc\n\t<\/h4>\n\t\t\t\t<img loading=\"lazy\" decoding=\"async\" src=\"https:\/\/guneypen.com\/wp-content\/uploads\/2024\/01\/uretim_5.jpg\" alt=\"uretim_5\" itemprop=\"image\" height=\"733\" width=\"1099\" title=\"uretim_5\" onerror=\"this.style.display='none'\"  \/>\n<h4>\n\t\tPROF\u0130L STOK ALANLARI\n\t<\/h4>\n\t\t\t\t<img loading=\"lazy\" decoding=\"async\" src=\"https:\/\/guneypen.com\/wp-content\/uploads\/2024\/01\/uretim_2.jpg\" alt=\"uretim_2\" itemprop=\"image\" height=\"733\" width=\"1099\" title=\"uretim_2\" onerror=\"this.style.display='none'\"  \/>\n<h4>\n\t\tM\u0130KSER B\u00d6L\u00dcM\u00dc\n\t<\/h4>\n\t\t\t\t<img loading=\"lazy\" decoding=\"async\" src=\"https:\/\/guneypen.com\/wp-content\/uploads\/2024\/01\/uretim_4.jpg\" alt=\"uretim_4\" itemprop=\"image\" height=\"733\" width=\"1099\" title=\"uretim_4\" onerror=\"this.style.display='none'\"  \/>\n<h4>\n\t\tLAM\u0130NASYON B\u00d6L\u00dcM\u00dc\n\t<\/h4>\n\t\t\t\t<img loading=\"lazy\" decoding=\"async\" src=\"https:\/\/guneypen.com\/wp-content\/uploads\/2024\/01\/uretim_6.jpg\" alt=\"uretim_6\" itemprop=\"image\" height=\"733\" width=\"1099\" title=\"uretim_6\" onerror=\"this.style.display='none'\"  \/>\n<h4>\n\t\tSEVK\u0130YAT\n\t<\/h4>\n\t\t\t\t<img loading=\"lazy\" decoding=\"async\" src=\"https:\/\/guneypen.com\/wp-content\/uploads\/2024\/01\/guneypen_logo.png\" alt=\"guneypen_logo\" itemprop=\"image\" height=\"163\" width=\"629\" title=\"guneypen_logo\" onerror=\"this.style.display='none'\"  \/>\n\t<p>Copyright \u00a9 2023, G\u00fcneypen Pvc Pencere Sistemleri T\u00fcm Haklar\u0131 Sakl\u0131d\u0131r.<\/p>\n<h4>\n\t\tS\u0130TE HAR\u0130TASI\n\t<\/h4>\n\t\t\t\t\t<ul id=\"menu-menu\"><li id=\"menu-item-644\"><a href=\"https:\/\/guneypen.com\/en\/\">Home<\/a><\/li>\n<li id=\"menu-item-2981\"><a href=\"https:\/\/guneypen.com\/en\/hakkimizda\/\">About Us<\/a><\/li>\n<li id=\"menu-item-2722\"><a href=\"https:\/\/guneypen.com\/en\/uretim\/\">\u00dcretim<\/a><\/li>\n<li id=\"menu-item-2936\"><a href=\"https:\/\/guneypen.com\/en\/urunler\/\">\u00dcr\u00fcnler<\/a><\/li>\n<li id=\"menu-item-649\"><a href=\"https:\/\/guneypen.com\/en\/iletisim\/\">Contact<\/a><\/li>\n<\/ul>\t\n\t<h4><strong>\u0130LET\u0130\u015e\u0130M<\/strong><\/h4>\nOrganize Sanayi B\u00f6lgesi Mah.<br \/>\n22 Nolu Cad No: 16 K\u0130L\u0130S\nGaziantep Ofis: 0-342-322 62 46<br \/>\nKilis Fabrika: 0-507 502 51 77<br \/>\ne-mail: info@guneypen.com","protected":false},"excerpt":{"rendered":"<p>\u00dcretim Kendi enerjimizi \u00fcreterek \u00fcretim &hellip;<\/p>\n<p class=\"read-more\"> <a class=\"\" href=\"https:\/\/guneypen.com\/en\/uretim\/\"> <span class=\"screen-reader-text\">\u00dcretim<\/span> Read More \u00bb<\/a><\/p>","protected":false},"author":2,"featured_media":0,"parent":0,"menu_order":0,"comment_status":"closed","ping_status":"closed","template":"","meta":{"_uag_custom_page_level_css":"","site-sidebar-layout":"no-sidebar","site-content-layout":"page-builder","ast-site-content-layout":"full-width-container","site-content-style":"unboxed","site-sidebar-style":"unboxed","ast-global-header-display":"","ast-banner-title-visibility":"","ast-main-header-display":"","ast-hfb-above-header-display":"","ast-hfb-below-header-display":"","ast-hfb-mobile-header-display":"","site-post-title":"disabled","ast-breadcrumbs-content":"","ast-featured-img":"disabled","footer-sml-layout":"","theme-transparent-header-meta":"disabled","adv-header-id-meta":"","stick-header-meta":"","header-above-stick-meta":"","header-main-stick-meta":"","header-below-stick-meta":"","astra-migrate-meta-layouts":"set","footnotes":""},"class_list":["post-2720","page","type-page","status-publish","hentry"],"uagb_featured_image_src":{"full":false,"thumbnail":false,"medium":false,"medium_large":false,"large":false,"1536x1536":false,"2048x2048":false,"trp-custom-language-flag":false},"uagb_author_info":{"display_name":"Bora Y\u0131ld\u0131r\u0131m","author_link":"https:\/\/guneypen.com\/en\/author\/bora\/"},"uagb_comment_info":0,"uagb_excerpt":"\u00dcretim Kendi enerjimizi \u00fcreterek \u00fcretim &hellip; \u00dcretim Read More \u00bb","_links":{"self":[{"href":"https:\/\/guneypen.com\/en\/wp-json\/wp\/v2\/pages\/2720","targetHints":{"allow":["GET"]}}],"collection":[{"href":"https:\/\/guneypen.com\/en\/wp-json\/wp\/v2\/pages"}],"about":[{"href":"https:\/\/guneypen.com\/en\/wp-json\/wp\/v2\/types\/page"}],"author":[{"embeddable":true,"href":"https:\/\/guneypen.com\/en\/wp-json\/wp\/v2\/users\/2"}],"replies":[{"embeddable":true,"href":"https:\/\/guneypen.com\/en\/wp-json\/wp\/v2\/comments?post=2720"}],"version-history":[{"count":7,"href":"https:\/\/guneypen.com\/en\/wp-json\/wp\/v2\/pages\/2720\/revisions"}],"predecessor-version":[{"id":3058,"href":"https:\/\/guneypen.com\/en\/wp-json\/wp\/v2\/pages\/2720\/revisions\/3058"}],"wp:attachment":[{"href":"https:\/\/guneypen.com\/en\/wp-json\/wp\/v2\/media?parent=2720"}],"curies":[{"name":"wp","href":"https:\/\/api.w.org\/{rel}","templated":true}]}}