{"id":2934,"date":"2024-01-01T17:48:29","date_gmt":"2024-01-01T17:48:29","guid":{"rendered":"https:\/\/guneypen.com\/?page_id=2934"},"modified":"2024-12-27T16:29:51","modified_gmt":"2024-12-27T16:29:51","slug":"urunler","status":"publish","type":"page","link":"https:\/\/guneypen.com\/en\/urunler\/","title":{"rendered":"\u00dcr\u00fcnler"},"content":{"rendered":"<h4>\n\t\t\u00dcr\u00fcnler\n\t<\/h4>\n\t\t\t\t<a href=\"https:\/\/guneypen.com\/en\/quantum-8200\/\" target=\"_self\"  itemprop=\"url\">\n\t\t\t\t<img decoding=\"async\" src=\"https:\/\/guneypen.com\/wp-content\/uploads\/2024\/12\/1.png\" alt=\"1\" title=\"1\" itemprop=\"image\"  \/>\n\t\t\t\t\t\t<\/a>\n\t\t\t\t<a href=\"https:\/\/guneypen.com\/en\/kuvars-7200\/\" target=\"_self\"  itemprop=\"url\">\n\t\t\t\t<img decoding=\"async\" src=\"https:\/\/guneypen.com\/wp-content\/uploads\/2024\/12\/4.png\" alt=\"4\" title=\"4\" itemprop=\"image\"  \/>\n\t\t\t\t\t\t<\/a>\n\t\t\t\t<a href=\"https:\/\/guneypen.com\/en\/atlas-6400\/\" target=\"_self\"  itemprop=\"url\">\n\t\t\t\t<img decoding=\"async\" src=\"https:\/\/guneypen.com\/wp-content\/uploads\/2024\/12\/7.png\" alt=\"7\" title=\"7\" itemprop=\"image\"  \/>\n\t\t\t\t\t\t<\/a>\n\t\t\t\t<a href=\"https:\/\/guneypen.com\/en\/yakut-7070\/\" target=\"_self\"  itemprop=\"url\">\n\t\t\t\t<img decoding=\"async\" src=\"https:\/\/guneypen.com\/wp-content\/uploads\/2024\/12\/2.png\" alt=\"2\" title=\"2\" itemprop=\"image\"  \/>\n\t\t\t\t\t\t<\/a>\n\t\t\t\t<a href=\"https:\/\/guneypen.com\/en\/pegasus-6200\/\" target=\"_self\"  itemprop=\"url\">\n\t\t\t\t<img decoding=\"async\" src=\"https:\/\/guneypen.com\/wp-content\/uploads\/2024\/12\/5.png\" alt=\"5\" title=\"5\" itemprop=\"image\"  \/>\n\t\t\t\t\t\t<\/a>\n\t\t\t\t<a href=\"https:\/\/guneypen.com\/en\/truva-6000\/\" target=\"_self\"  itemprop=\"url\">\n\t\t\t\t<img decoding=\"async\" src=\"https:\/\/guneypen.com\/wp-content\/uploads\/2024\/12\/8.png\" alt=\"8\" title=\"8\" itemprop=\"image\"  \/>\n\t\t\t\t\t\t<\/a>\n\t\t\t\t<a href=\"https:\/\/guneypen.com\/en\/safir-7000\/\" target=\"_self\"  itemprop=\"url\">\n\t\t\t\t<img decoding=\"async\" src=\"https:\/\/guneypen.com\/wp-content\/uploads\/2024\/12\/3.png\" alt=\"3\" title=\"3\" itemprop=\"image\"  \/>\n\t\t\t\t\t\t<\/a>\n\t\t\t\t<a href=\"https:\/\/guneypen.com\/en\/enerji-6200\/\" target=\"_self\"  itemprop=\"url\">\n\t\t\t\t<img decoding=\"async\" src=\"https:\/\/guneypen.com\/wp-content\/uploads\/2024\/12\/6.png\" alt=\"6\" title=\"6\" itemprop=\"image\"  \/>\n\t\t\t\t\t\t<\/a>\n\t\t\t\t<a href=\"https:\/\/guneypen.com\/en\/sitrin-7600\/\" target=\"_self\"  itemprop=\"url\">\n\t\t\t\t<img decoding=\"async\" src=\"https:\/\/guneypen.com\/wp-content\/uploads\/2024\/12\/9.png\" alt=\"9\" title=\"9\" itemprop=\"image\"  \/>\n\t\t\t\t\t\t<\/a>\n\t\t\t\t<a href=\"https:\/\/guneypen.com\/en\/yardimci-profiller\/\" target=\"_self\" itemprop=\"url\">\n\t\t\t\t<img loading=\"lazy\" decoding=\"async\" src=\"https:\/\/guneypen.com\/wp-content\/uploads\/2024\/12\/altkutu.png\" alt=\"altkutu\" itemprop=\"image\" height=\"176\" width=\"1960\" title=\"altkutu\" onerror=\"this.style.display='none'\"  \/>\n\t\t\t\t<\/a>\n\t\t\t\t<img loading=\"lazy\" decoding=\"async\" src=\"https:\/\/guneypen.com\/wp-content\/uploads\/2024\/01\/guneypen_logo.png\" alt=\"guneypen_logo\" itemprop=\"image\" height=\"163\" width=\"629\" title=\"guneypen_logo\" onerror=\"this.style.display='none'\"  \/>\n\t<p>Copyright \u00a9 2023, G\u00fcneypen Pvc Pencere Sistemleri T\u00fcm Haklar\u0131 Sakl\u0131d\u0131r.<\/p>\n<h4>\n\t\tS\u0130TE HAR\u0130TASI\n\t<\/h4>\n\t\t\t\t\t<ul id=\"menu-menu\"><li id=\"menu-item-644\"><a href=\"https:\/\/guneypen.com\/en\/\">Home<\/a><\/li>\n<li id=\"menu-item-2981\"><a href=\"https:\/\/guneypen.com\/en\/hakkimizda\/\">About Us<\/a><\/li>\n<li id=\"menu-item-2722\"><a href=\"https:\/\/guneypen.com\/en\/uretim\/\">\u00dcretim<\/a><\/li>\n<li id=\"menu-item-2936\"><a href=\"https:\/\/guneypen.com\/en\/urunler\/\">\u00dcr\u00fcnler<\/a><\/li>\n<li id=\"menu-item-649\"><a href=\"https:\/\/guneypen.com\/en\/iletisim\/\">Contact<\/a><\/li>\n<\/ul>\t\n\t<h4><strong>\u0130LET\u0130\u015e\u0130M<\/strong><\/h4>\nOrganize Sanayi B\u00f6lgesi Mah.<br \/>\n22 Nolu Cad No: 16 K\u0130L\u0130S\nGaziantep Ofis: 0-342-322 62 46<br \/>\nKilis Fabrika: 0-507 502 51 74<br \/>\ne-mail: info@guneypen.com","protected":false},"excerpt":{"rendered":"<p>\u00dcr\u00fcnler Copyright \u00a9 2023, G\u00fcneypen &hellip;<\/p>\n<p class=\"read-more\"> <a class=\"\" href=\"https:\/\/guneypen.com\/en\/urunler\/\"> <span class=\"screen-reader-text\">\u00dcr\u00fcnler<\/span> Read More \u00bb<\/a><\/p>","protected":false},"author":2,"featured_media":0,"parent":0,"menu_order":0,"comment_status":"closed","ping_status":"closed","template":"","meta":{"_uag_custom_page_level_css":"","site-sidebar-layout":"no-sidebar","site-content-layout":"page-builder","ast-site-content-layout":"full-width-container","site-content-style":"unboxed","site-sidebar-style":"unboxed","ast-global-header-display":"","ast-banner-title-visibility":"","ast-main-header-display":"","ast-hfb-above-header-display":"","ast-hfb-below-header-display":"","ast-hfb-mobile-header-display":"","site-post-title":"disabled","ast-breadcrumbs-content":"","ast-featured-img":"disabled","footer-sml-layout":"","theme-transparent-header-meta":"disabled","adv-header-id-meta":"","stick-header-meta":"","header-above-stick-meta":"","header-main-stick-meta":"","header-below-stick-meta":"","astra-migrate-meta-layouts":"set","footnotes":""},"class_list":["post-2934","page","type-page","status-publish","hentry"],"uagb_featured_image_src":{"full":false,"thumbnail":false,"medium":false,"medium_large":false,"large":false,"1536x1536":false,"2048x2048":false,"trp-custom-language-flag":false},"uagb_author_info":{"display_name":"Bora Y\u0131ld\u0131r\u0131m","author_link":"https:\/\/guneypen.com\/en\/author\/bora\/"},"uagb_comment_info":0,"uagb_excerpt":"\u00dcr\u00fcnler Copyright \u00a9 2023, G\u00fcneypen &hellip; \u00dcr\u00fcnler Read More \u00bb","_links":{"self":[{"href":"https:\/\/guneypen.com\/en\/wp-json\/wp\/v2\/pages\/2934","targetHints":{"allow":["GET"]}}],"collection":[{"href":"https:\/\/guneypen.com\/en\/wp-json\/wp\/v2\/pages"}],"about":[{"href":"https:\/\/guneypen.com\/en\/wp-json\/wp\/v2\/types\/page"}],"author":[{"embeddable":true,"href":"https:\/\/guneypen.com\/en\/wp-json\/wp\/v2\/users\/2"}],"replies":[{"embeddable":true,"href":"https:\/\/guneypen.com\/en\/wp-json\/wp\/v2\/comments?post=2934"}],"version-history":[{"count":12,"href":"https:\/\/guneypen.com\/en\/wp-json\/wp\/v2\/pages\/2934\/revisions"}],"predecessor-version":[{"id":3207,"href":"https:\/\/guneypen.com\/en\/wp-json\/wp\/v2\/pages\/2934\/revisions\/3207"}],"wp:attachment":[{"href":"https:\/\/guneypen.com\/en\/wp-json\/wp\/v2\/media?parent=2934"}],"curies":[{"name":"wp","href":"https:\/\/api.w.org\/{rel}","templated":true}]}}