{"id":632,"date":"2022-03-21T07:42:33","date_gmt":"2022-03-21T07:42:33","guid":{"rendered":"https:\/\/guneypen.com\/home\/"},"modified":"2024-01-03T19:44:46","modified_gmt":"2024-01-03T19:44:46","slug":"anasayfa","status":"publish","type":"page","link":"https:\/\/guneypen.com\/en\/","title":{"rendered":"Home"},"content":{"rendered":"<img loading=\"lazy\" decoding=\"async\" src=\"https:\/\/guneypen.com\/wp-content\/uploads\/2024\/01\/guney.png\" alt=\"guney\" itemprop=\"image\" height=\"101\" width=\"1453\" title=\"guney\" onerror=\"this.style.display='none'\"  \/>\n\t<strong>Her t\u00fcrl\u00fc hava ko\u015fuluna <\/strong><strong><br \/>\nm\u00fckemmel uyum<\/strong>\n<p>R\u00fczg\u00e2r, ya\u011fmur, hava, kullan\u0131m g\u00fcc\u00fc, dayan\u0131kl\u0131l\u0131k ve \u0131s\u0131 yal\u0131t\u0131m testlerinde tam not alm\u0131\u015ft\u0131r.<\/p>\n<hr \/>\n\t<strong>Ses yal\u0131t\u0131m\u0131nda<\/strong><br \/>\n<strong>minimum ge\u00e7irgenlik<\/strong>\n<p>\u00d6zel olarak tasarlanm\u0131\u015f kanal ve odac\u0131klar sistemiyle sesi hapsederek i\u00e7eri giri\u015fini minimuma indirir.<\/p>\n<hr \/>\n\t<strong>Zaman kazand\u0131ran<br \/>\nkolay montaj<\/strong>\n<p>Kolay kesilip, uygulanabililrli\u011fi sayesinde art\u0131k pencere montaj\u0131 i\u00e7in saatler harcamaya gerek kalmayacak.<\/p>\n<hr \/>\n\t<strong>Is\u0131 yal\u0131t\u0131m\u0131nda<br \/>\nmaksimum konfor<\/strong>\n<p>Do\u011frama \u00fczerinde yer alan stabil hava kanallar\u0131 sayesinde i\u00e7 mekanlarda maksimum konfor.<\/p>\n<hr \/>\n\t\t\t\t<img loading=\"lazy\" decoding=\"async\" src=\"https:\/\/guneypen.com\/wp-content\/uploads\/2024\/01\/urun_1.jpg\" alt=\"urun_1\" itemprop=\"image\" height=\"1113\" width=\"751\" title=\"urun_1\" onerror=\"this.style.display='none'\"  \/>\n\t\t\t\t<img loading=\"lazy\" decoding=\"async\" src=\"https:\/\/guneypen.com\/wp-content\/uploads\/2024\/01\/urun_2.jpg\" alt=\"urun_2\" itemprop=\"image\" height=\"1113\" width=\"751\" title=\"urun_2\" onerror=\"this.style.display='none'\"  \/>\n\t\t\t\t<img loading=\"lazy\" decoding=\"async\" src=\"https:\/\/guneypen.com\/wp-content\/uploads\/2024\/01\/urun_3.jpg\" alt=\"urun_3\" itemprop=\"image\" height=\"1113\" width=\"751\" title=\"urun_3\" onerror=\"this.style.display='none'\"  \/>\n\t<h3>&#8220;D\u00fcnyaya a\u00e7\u0131lan pencere&#8221;<\/h3>\n<p>G\u00fcneypen, yurtd\u0131\u015f\u0131 pazarlara da \u00fcr\u00fcnlerini sunmaktad\u0131r.<\/p>\n\t\t\t\t<a href=\"https:\/\/guneypen.com\/en\/katalog\/\" target=\"_self\" itemprop=\"url\" rel=\"noopener\">\n\t\t\t\t<img loading=\"lazy\" decoding=\"async\" src=\"https:\/\/guneypen.com\/wp-content\/uploads\/2024\/01\/catalog.png\" alt=\"catalog\" itemprop=\"image\" height=\"810\" width=\"1147\" title=\"catalog\" onerror=\"this.style.display='none'\"  \/>\n\t\t\t\t<\/a>\n\t\t\t\t<a href=\"https:\/\/guneypen.com\/en\/urunler\/\" target=\"_self\" itemprop=\"url\" rel=\"noopener\">\n\t\t\t\t<img loading=\"lazy\" decoding=\"async\" src=\"https:\/\/guneypen.com\/wp-content\/uploads\/2024\/01\/cesit.png\" alt=\"cesit\" itemprop=\"image\" height=\"814\" width=\"1152\" title=\"cesit\" onerror=\"this.style.display='none'\"  \/>\n\t\t\t\t<\/a>\n\t\t\t\t<img loading=\"lazy\" decoding=\"async\" src=\"https:\/\/guneypen.com\/wp-content\/uploads\/2024\/01\/guneypen_logo.png\" alt=\"guneypen_logo\" itemprop=\"image\" height=\"163\" width=\"629\" title=\"guneypen_logo\" onerror=\"this.style.display='none'\"  \/>\n\t<p>Copyright \u00a9 2023, G\u00fcneypen Pvc Pencere Sistemleri T\u00fcm Haklar\u0131 Sakl\u0131d\u0131r.<\/p>\n<h4>\n\t\tS\u0130TE HAR\u0130TASI\n\t<\/h4>\n\t\t\t\t\t<ul id=\"menu-menu\"><li id=\"menu-item-644\"><a href=\"https:\/\/guneypen.com\/en\/\">Home<\/a><\/li>\n<li id=\"menu-item-2981\"><a href=\"https:\/\/guneypen.com\/en\/hakkimizda\/\">About Us<\/a><\/li>\n<li id=\"menu-item-2722\"><a href=\"https:\/\/guneypen.com\/en\/uretim\/\">\u00dcretim<\/a><\/li>\n<li id=\"menu-item-2936\"><a href=\"https:\/\/guneypen.com\/en\/urunler\/\">\u00dcr\u00fcnler<\/a><\/li>\n<li id=\"menu-item-649\"><a href=\"https:\/\/guneypen.com\/en\/iletisim\/\">Contact<\/a><\/li>\n<\/ul>\t\n\t<h4><strong>\u0130LET\u0130\u015e\u0130M<\/strong><\/h4>\nOrganize Sanayi B\u00f6lgesi Mah.<br \/>\n22 Nolu Cad No: 16 K\u0130L\u0130S\nGaziantep Ofis: 0-342-322 62 46<br \/>\nKilis Fabrika: 0-507 502 51 77<br \/>\ne-mail: info@guneypen.com","protected":false},"excerpt":{"rendered":"<p>Her t\u00fcrl\u00fc hava ko\u015fuluna m\u00fckemmel &hellip;<\/p>\n<p class=\"read-more\"> <a class=\"\" href=\"https:\/\/guneypen.com\/en\/\"> <span class=\"screen-reader-text\">Home<\/span> Read More \u00bb<\/a><\/p>","protected":false},"author":2,"featured_media":0,"parent":0,"menu_order":0,"comment_status":"closed","ping_status":"closed","template":"","meta":{"_uag_custom_page_level_css":"","site-sidebar-layout":"no-sidebar","site-content-layout":"page-builder","ast-site-content-layout":"full-width-container","site-content-style":"unboxed","site-sidebar-style":"unboxed","ast-global-header-display":"","ast-banner-title-visibility":"","ast-main-header-display":"","ast-hfb-above-header-display":"","ast-hfb-below-header-display":"","ast-hfb-mobile-header-display":"","site-post-title":"disabled","ast-breadcrumbs-content":"","ast-featured-img":"disabled","footer-sml-layout":"","theme-transparent-header-meta":"default","adv-header-id-meta":"","stick-header-meta":"","header-above-stick-meta":"","header-main-stick-meta":"","header-below-stick-meta":"","astra-migrate-meta-layouts":"set","footnotes":""},"class_list":["post-632","page","type-page","status-publish","hentry"],"uagb_featured_image_src":{"full":false,"thumbnail":false,"medium":false,"medium_large":false,"large":false,"1536x1536":false,"2048x2048":false,"trp-custom-language-flag":false},"uagb_author_info":{"display_name":"Bora Y\u0131ld\u0131r\u0131m","author_link":"https:\/\/guneypen.com\/en\/author\/bora\/"},"uagb_comment_info":0,"uagb_excerpt":"Her t\u00fcrl\u00fc hava ko\u015fuluna m\u00fckemmel &hellip; Anasayfa Read More \u00bb","_links":{"self":[{"href":"https:\/\/guneypen.com\/en\/wp-json\/wp\/v2\/pages\/632","targetHints":{"allow":["GET"]}}],"collection":[{"href":"https:\/\/guneypen.com\/en\/wp-json\/wp\/v2\/pages"}],"about":[{"href":"https:\/\/guneypen.com\/en\/wp-json\/wp\/v2\/types\/page"}],"author":[{"embeddable":true,"href":"https:\/\/guneypen.com\/en\/wp-json\/wp\/v2\/users\/2"}],"replies":[{"embeddable":true,"href":"https:\/\/guneypen.com\/en\/wp-json\/wp\/v2\/comments?post=632"}],"version-history":[{"count":12,"href":"https:\/\/guneypen.com\/en\/wp-json\/wp\/v2\/pages\/632\/revisions"}],"predecessor-version":[{"id":3069,"href":"https:\/\/guneypen.com\/en\/wp-json\/wp\/v2\/pages\/632\/revisions\/3069"}],"wp:attachment":[{"href":"https:\/\/guneypen.com\/en\/wp-json\/wp\/v2\/media?parent=632"}],"curies":[{"name":"wp","href":"https:\/\/api.w.org\/{rel}","templated":true}]}}