{"id":633,"date":"2022-03-21T07:42:33","date_gmt":"2022-03-21T07:42:33","guid":{"rendered":"https:\/\/guneypen.com\/about\/"},"modified":"2024-01-08T08:25:01","modified_gmt":"2024-01-08T08:25:01","slug":"hakkimizda","status":"publish","type":"page","link":"https:\/\/guneypen.com\/en\/hakkimizda\/","title":{"rendered":"About Us"},"content":{"rendered":"<h4>\n\t\tAbout Us\n\t<\/h4>\n\t<h3>\n\t\t\t\tK\u0131sa s\u00fcrede gelen b\u00fcy\u00fck ba\u015far\u0131&#8230;\n\t\t\t<\/h3>\n\t<p>1994&#8217;ten bu yana in\u015faat ve elektrik sekt\u00f6r\u00fcnde faaliyet g\u00f6steren Ate\u015f \u0130n\u015faat, 2020 y\u0131l\u0131nda pvc pencere ve kap\u0131 sistemleri sekt\u00f6r\u00fcne giri\u015f yapm\u0131\u015ft\u0131r. Kilis&#8217;te kurulmu\u015f olan 3.000 m2 kapal\u0131, 7.000 m2 a\u00e7\u0131k fabrika alan\u0131nda uzman ve deneyimli ekibi ile geli\u015fmi\u015f son teknoloji makinelerle uluslararas\u0131 standartlarda &#8220;G\u00dcNEYPEN&#8221; markas\u0131 ad\u0131 alt\u0131nda seri \u00fcretim yapmaktad\u0131r. G\u00dcNEYPEN, s\u00fcrd\u00fcr\u00fclebilirlik ve gelecek ku\u015faklara ya\u015fanabilir bir \u00e7evre b\u0131rakmak i\u00e7in daha ekolojik ve yenilik\u00e7i \u00fcr\u00fcnler \u00fcretmek amac\u0131yla AR-GE \u00e7al\u0131\u015fmalar\u0131na da a\u011f\u0131rl\u0131k vermektedir. Gen\u00e7 ve yeni bir marka olmas\u0131na ra\u011fmen T\u00fcrkiye \u00e7ap\u0131nda bayilik ve sat\u0131\u015f sonras\u0131 destek konular\u0131nda alt yap\u0131 a\u011f\u0131n\u0131 her ge\u00e7en g\u00fcn h\u0131zl\u0131 bir \u015fekilde geni\u015fletmekte olan G\u00dcNEYPEN ihracat konusunda da pazar pay\u0131n\u0131 art\u0131rmaya devam ederek \u00fclkesine katmade\u011fer sa\u011flamaktad\u0131r. \u0130nsana hizmeti ve insanlar\u0131n ya\u015fam kalitesini art\u0131rmay\u0131 kendine ilke edinmi\u015f olan G\u00dcNEYPEN, bu do\u011frultu da m\u00fc\u015fterilerine en iyi \u00fcr\u00fcn\u00fc, en iyi kalite ve konforda sunmak i\u00e7in hi\u00e7 durmadan \u00e7al\u0131\u015fmaya devam etmektedir.<\/p>\n\t\t\t\t<img loading=\"lazy\" decoding=\"async\" src=\"https:\/\/guneypen.com\/wp-content\/uploads\/2024\/01\/about_pictures.jpg\" alt=\"about_pictures\" itemprop=\"image\" height=\"674\" width=\"2345\" title=\"about_pictures\" onerror=\"this.style.display='none'\"  \/>\n\t\t\t\t<img loading=\"lazy\" decoding=\"async\" src=\"https:\/\/guneypen.com\/wp-content\/uploads\/2024\/01\/about_pictures_2.jpg\" alt=\"about_pictures_2\" itemprop=\"image\" height=\"674\" width=\"2345\" title=\"about_pictures_2\" onerror=\"this.style.display='none'\"  \/>\n\t<h3>\n\t\t\t\tSERT\u0130F\u0130KALAR\n\t\t\t<\/h3>\n\t\t\t\t<img loading=\"lazy\" decoding=\"async\" src=\"https:\/\/guneypen.com\/wp-content\/uploads\/2024\/01\/guneypen_logo.png\" alt=\"guneypen_logo\" itemprop=\"image\" height=\"163\" width=\"629\" title=\"guneypen_logo\" onerror=\"this.style.display='none'\"  \/>\n\t<p>Copyright \u00a9 2023, G\u00fcneypen Pvc Pencere Sistemleri T\u00fcm Haklar\u0131 Sakl\u0131d\u0131r.<\/p>\n<h4>\n\t\tS\u0130TE HAR\u0130TASI\n\t<\/h4>\n\t\t\t\t\t<ul id=\"menu-menu\"><li id=\"menu-item-644\"><a href=\"https:\/\/guneypen.com\/en\/\">Home<\/a><\/li>\n<li id=\"menu-item-2981\"><a href=\"https:\/\/guneypen.com\/en\/hakkimizda\/\">About Us<\/a><\/li>\n<li id=\"menu-item-2722\"><a href=\"https:\/\/guneypen.com\/en\/uretim\/\">\u00dcretim<\/a><\/li>\n<li id=\"menu-item-2936\"><a href=\"https:\/\/guneypen.com\/en\/urunler\/\">\u00dcr\u00fcnler<\/a><\/li>\n<li id=\"menu-item-649\"><a href=\"https:\/\/guneypen.com\/en\/iletisim\/\">Contact<\/a><\/li>\n<\/ul>\t\n\t<h4><strong>\u0130LET\u0130\u015e\u0130M<\/strong><\/h4>\nOrganize Sanayi B\u00f6lgesi Mah.<br \/>\n22 Nolu Cad No: 16 K\u0130L\u0130S\nGaziantep Ofis: 0-342-322 62 46<br \/>\nKilis Fabrika: 0-507 502 51 77<br \/>\ne-mail: info@guneypen.com","protected":false},"excerpt":{"rendered":"<p>Hakk\u0131m\u0131zda K\u0131sa s\u00fcrede gelen b\u00fcy\u00fck &hellip;<\/p>\n<p class=\"read-more\"> <a class=\"\" href=\"https:\/\/guneypen.com\/en\/hakkimizda\/\"> <span class=\"screen-reader-text\">About Us<\/span> Read More \u00bb<\/a><\/p>","protected":false},"author":2,"featured_media":0,"parent":0,"menu_order":0,"comment_status":"closed","ping_status":"closed","template":"","meta":{"_uag_custom_page_level_css":"","site-sidebar-layout":"no-sidebar","site-content-layout":"page-builder","ast-site-content-layout":"full-width-container","site-content-style":"unboxed","site-sidebar-style":"unboxed","ast-global-header-display":"","ast-banner-title-visibility":"","ast-main-header-display":"","ast-hfb-above-header-display":"","ast-hfb-below-header-display":"","ast-hfb-mobile-header-display":"","site-post-title":"disabled","ast-breadcrumbs-content":"","ast-featured-img":"disabled","footer-sml-layout":"","theme-transparent-header-meta":"disabled","adv-header-id-meta":"","stick-header-meta":"","header-above-stick-meta":"","header-main-stick-meta":"","header-below-stick-meta":"","astra-migrate-meta-layouts":"set","footnotes":""},"class_list":["post-633","page","type-page","status-publish","hentry"],"uagb_featured_image_src":{"full":false,"thumbnail":false,"medium":false,"medium_large":false,"large":false,"1536x1536":false,"2048x2048":false,"trp-custom-language-flag":false},"uagb_author_info":{"display_name":"Bora Y\u0131ld\u0131r\u0131m","author_link":"https:\/\/guneypen.com\/en\/author\/bora\/"},"uagb_comment_info":0,"uagb_excerpt":"Hakk\u0131m\u0131zda K\u0131sa s\u00fcrede gelen b\u00fcy\u00fck &hellip; Hakk\u0131m\u0131zda Read More \u00bb","_links":{"self":[{"href":"https:\/\/guneypen.com\/en\/wp-json\/wp\/v2\/pages\/633","targetHints":{"allow":["GET"]}}],"collection":[{"href":"https:\/\/guneypen.com\/en\/wp-json\/wp\/v2\/pages"}],"about":[{"href":"https:\/\/guneypen.com\/en\/wp-json\/wp\/v2\/types\/page"}],"author":[{"embeddable":true,"href":"https:\/\/guneypen.com\/en\/wp-json\/wp\/v2\/users\/2"}],"replies":[{"embeddable":true,"href":"https:\/\/guneypen.com\/en\/wp-json\/wp\/v2\/comments?post=633"}],"version-history":[{"count":12,"href":"https:\/\/guneypen.com\/en\/wp-json\/wp\/v2\/pages\/633\/revisions"}],"predecessor-version":[{"id":3156,"href":"https:\/\/guneypen.com\/en\/wp-json\/wp\/v2\/pages\/633\/revisions\/3156"}],"wp:attachment":[{"href":"https:\/\/guneypen.com\/en\/wp-json\/wp\/v2\/media?parent=633"}],"curies":[{"name":"wp","href":"https:\/\/api.w.org\/{rel}","templated":true}]}}