{"id":637,"date":"2022-03-21T07:42:33","date_gmt":"2022-03-21T07:42:33","guid":{"rendered":"https:\/\/guneypen.com\/contact\/"},"modified":"2024-12-27T16:30:26","modified_gmt":"2024-12-27T16:30:26","slug":"iletisim","status":"publish","type":"page","link":"https:\/\/guneypen.com\/en\/iletisim\/","title":{"rendered":"Contact"},"content":{"rendered":"<h4>\n\t\tContact\n\t<\/h4>\n\t<iframe src=\"https:\/\/www.google.com\/maps\/embed?pb=!1m14!1m12!1m3!1d1502.1483007729935!2d37.20554815020899!3d36.73013725618685!2m3!1f0!2f0!3f0!3m2!1i1024!2i768!4f13.1!5e0!3m2!1str!2str!4v1704177406837!5m2!1str!2str\" width=\"100%\" height=\"350\" allowfullscreen=\"\" loading=\"lazy\" referrerpolicy=\"no-referrer-when-downgrade\"><\/iframe>\n\t\t\t\t<img loading=\"lazy\" decoding=\"async\" src=\"https:\/\/guneypen.com\/wp-content\/uploads\/2024\/01\/guneypen_logo.png\" alt=\"guneypen_logo\" itemprop=\"image\" height=\"163\" width=\"629\" title=\"guneypen_logo\" onerror=\"this.style.display='none'\"  \/>\n\t<p><strong>Fabrika Adres<\/strong><\/p>\n<strong>A:<\/strong> Organize Sanayi B\u00f6lgesi Mah. 22 Nolu Cad No: 16 K\u0130L\u0130S<br \/>\n<strong>T:<\/strong> 0 342 322 62 46<br \/>\n<strong>G:<\/strong> 0 507 502 51 74\n<p><strong>Ofis Adres<\/strong><\/p>\n<strong>A:\u00a0<\/strong>Emek Mah. Ali Nadir \u00dcnler Cad. 19052 Sk. No: 4 \u015eehitkamil \/ GAZ\u0130ANTEP<br \/>\n<strong>T: <\/strong>0 342 322 62 46\n<p><strong>E-Posta<\/strong><\/p>\n<p>info@guneypen.com<\/p>\n<h3>\n\t\t\u0130leti\u015fim Formu\n\t<\/h3>\n\t\t\t\t<img loading=\"lazy\" decoding=\"async\" src=\"https:\/\/guneypen.com\/wp-content\/uploads\/2024\/01\/guneypen_logo.png\" alt=\"guneypen_logo\" itemprop=\"image\" height=\"163\" width=\"629\" title=\"guneypen_logo\" onerror=\"this.style.display='none'\"  \/>\n\t<p>Copyright \u00a9 2023, G\u00fcneypen Pvc Pencere Sistemleri T\u00fcm Haklar\u0131 Sakl\u0131d\u0131r.<\/p>\n<h4>\n\t\tS\u0130TE HAR\u0130TASI\n\t<\/h4>\n\t\t\t\t\t<ul id=\"menu-menu\"><li id=\"menu-item-644\"><a href=\"https:\/\/guneypen.com\/en\/\">Home<\/a><\/li>\n<li id=\"menu-item-2981\"><a href=\"https:\/\/guneypen.com\/en\/hakkimizda\/\">About Us<\/a><\/li>\n<li id=\"menu-item-2722\"><a href=\"https:\/\/guneypen.com\/en\/uretim\/\">\u00dcretim<\/a><\/li>\n<li id=\"menu-item-2936\"><a href=\"https:\/\/guneypen.com\/en\/urunler\/\">\u00dcr\u00fcnler<\/a><\/li>\n<li id=\"menu-item-649\"><a href=\"https:\/\/guneypen.com\/en\/iletisim\/\">Contact<\/a><\/li>\n<\/ul>\t\n\t<h4><strong>\u0130LET\u0130\u015e\u0130M<\/strong><\/h4>\nOrganize Sanayi B\u00f6lgesi Mah.<br \/>\n22 Nolu Cad No: 16 K\u0130L\u0130S\nGaziantep Ofis: 0-342-322 62 46<br \/>\nKilis Fabrika: 0-507 502 51 74<br \/>\ne-mail: info@guneypen.com","protected":false},"excerpt":{"rendered":"<p>\u0130leti\u015fim Fabrika Adres A: Organize &hellip;<\/p>\n<p class=\"read-more\"> <a class=\"\" href=\"https:\/\/guneypen.com\/en\/iletisim\/\"> <span class=\"screen-reader-text\">Contact<\/span> Read More \u00bb<\/a><\/p>","protected":false},"author":2,"featured_media":0,"parent":0,"menu_order":0,"comment_status":"closed","ping_status":"closed","template":"","meta":{"_uag_custom_page_level_css":"","site-sidebar-layout":"no-sidebar","site-content-layout":"page-builder","ast-site-content-layout":"full-width-container","site-content-style":"unboxed","site-sidebar-style":"unboxed","ast-global-header-display":"","ast-banner-title-visibility":"","ast-main-header-display":"","ast-hfb-above-header-display":"","ast-hfb-below-header-display":"","ast-hfb-mobile-header-display":"","site-post-title":"disabled","ast-breadcrumbs-content":"","ast-featured-img":"disabled","footer-sml-layout":"","theme-transparent-header-meta":"disabled","adv-header-id-meta":"","stick-header-meta":"","header-above-stick-meta":"","header-main-stick-meta":"","header-below-stick-meta":"","astra-migrate-meta-layouts":"set","footnotes":""},"class_list":["post-637","page","type-page","status-publish","hentry"],"uagb_featured_image_src":{"full":false,"thumbnail":false,"medium":false,"medium_large":false,"large":false,"1536x1536":false,"2048x2048":false,"trp-custom-language-flag":false},"uagb_author_info":{"display_name":"Bora Y\u0131ld\u0131r\u0131m","author_link":"https:\/\/guneypen.com\/en\/author\/bora\/"},"uagb_comment_info":0,"uagb_excerpt":"\u0130leti\u015fim Fabrika Adres A: Organize &hellip; \u0130leti\u015fim Read More \u00bb","_links":{"self":[{"href":"https:\/\/guneypen.com\/en\/wp-json\/wp\/v2\/pages\/637","targetHints":{"allow":["GET"]}}],"collection":[{"href":"https:\/\/guneypen.com\/en\/wp-json\/wp\/v2\/pages"}],"about":[{"href":"https:\/\/guneypen.com\/en\/wp-json\/wp\/v2\/types\/page"}],"author":[{"embeddable":true,"href":"https:\/\/guneypen.com\/en\/wp-json\/wp\/v2\/users\/2"}],"replies":[{"embeddable":true,"href":"https:\/\/guneypen.com\/en\/wp-json\/wp\/v2\/comments?post=637"}],"version-history":[{"count":12,"href":"https:\/\/guneypen.com\/en\/wp-json\/wp\/v2\/pages\/637\/revisions"}],"predecessor-version":[{"id":3208,"href":"https:\/\/guneypen.com\/en\/wp-json\/wp\/v2\/pages\/637\/revisions\/3208"}],"wp:attachment":[{"href":"https:\/\/guneypen.com\/en\/wp-json\/wp\/v2\/media?parent=637"}],"curies":[{"name":"wp","href":"https:\/\/api.w.org\/{rel}","templated":true}]}}